{"id":12,"date":"2022-11-23T15:14:35","date_gmt":"2022-11-23T18:14:35","guid":{"rendered":"https:\/\/app-site-mgccapital-prod.azurewebsites.net\/?page_id=12"},"modified":"2025-05-22T09:49:28","modified_gmt":"2025-05-22T12:49:28","slug":"home","status":"publish","type":"page","link":"https:\/\/www.mgccapital.com.br\/en\/","title":{"rendered":"Home"},"content":{"rendered":"<div data-elementor-type=\"wp-page\" data-elementor-id=\"12\" class=\"elementor elementor-12\" data-elementor-post-type=\"page\">\n\t\t\t\t<div class=\"elementor-element elementor-element-39a7d21 e-flex e-con-boxed e-con e-parent\" data-id=\"39a7d21\" data-element_type=\"container\" data-e-type=\"container\" data-settings=\"{&quot;background_background&quot;:&quot;classic&quot;}\">\n\t\t\t\t\t<div class=\"e-con-inner\">\n\t\t<div class=\"elementor-element elementor-element-d4a9088 e-con-full e-flex e-con e-child\" data-id=\"d4a9088\" data-element_type=\"container\" data-e-type=\"container\">\n\t\t\t\t<div class=\"elementor-element elementor-element-a6fab80 elementor-widget elementor-widget-heading\" data-id=\"a6fab80\" data-element_type=\"widget\" data-e-type=\"widget\" data-widget_type=\"heading.default\">\n\t\t\t\t<div class=\"elementor-widget-container\">\n\t\t\t\t\t<h2 class=\"elementor-heading-title elementor-size-default\">Impact solutions for the financial health of companies<\/h2>\t\t\t\t<\/div>\n\t\t\t\t<\/div>\n\t\t\t\t<div class=\"elementor-element elementor-element-56e1091 elementor-mobile-align-justify elementor-widget elementor-widget-button\" data-id=\"56e1091\" data-element_type=\"widget\" data-e-type=\"widget\" data-widget_type=\"button.default\">\n\t\t\t\t<div class=\"elementor-widget-container\">\n\t\t\t\t\t\t\t\t\t<div class=\"elementor-button-wrapper\">\n\t\t\t\t\t<a class=\"elementor-button elementor-button-link elementor-size-sm\" href=\"https:\/\/www.mgccapital.com.br\/en\/what-we-do\/\">\n\t\t\t\t\t\t<span class=\"elementor-button-content-wrapper\">\n\t\t\t\t\t\t<span class=\"elementor-button-icon\">\n\t\t\t\t<i aria-hidden=\"true\" class=\"fas fa-arrow-circle-right\"><\/i>\t\t\t<\/span>\n\t\t\t\t\t\t\t\t\t<span class=\"elementor-button-text\">Explore how<\/span>\n\t\t\t\t\t<\/span>\n\t\t\t\t\t<\/a>\n\t\t\t\t<\/div>\n\t\t\t\t\t\t\t\t<\/div>\n\t\t\t\t<\/div>\n\t\t\t\t<\/div>\n\t\t<div class=\"elementor-element elementor-element-d9a04cf e-con-full e-flex e-con e-child\" data-id=\"d9a04cf\" data-element_type=\"container\" data-e-type=\"container\">\n\t\t\t\t<\/div>\n\t\t\t\t\t<\/div>\n\t\t\t\t<\/div>\n\t\t<div class=\"elementor-element elementor-element-227cf65 e-flex e-con-boxed e-con e-parent\" data-id=\"227cf65\" data-element_type=\"container\" data-e-type=\"container\" data-settings=\"{&quot;background_background&quot;:&quot;classic&quot;}\">\n\t\t\t\t\t<div class=\"e-con-inner\">\n\t\t<div class=\"elementor-element elementor-element-d3a83ed e-con-full e-flex e-con e-child\" data-id=\"d3a83ed\" data-element_type=\"container\" data-e-type=\"container\" data-settings=\"{&quot;background_background&quot;:&quot;classic&quot;}\">\n\t\t\t\t<\/div>\n\t\t<div class=\"elementor-element elementor-element-bdde9a9 e-con-full animated-slow e-flex elementor-invisible e-con e-child\" data-id=\"bdde9a9\" data-element_type=\"container\" data-e-type=\"container\" data-settings=\"{&quot;background_background&quot;:&quot;classic&quot;,&quot;animation&quot;:&quot;zoomIn&quot;}\">\n\t\t\t\t<div class=\"elementor-element elementor-element-0098e54 elementor-widget elementor-widget-heading\" data-id=\"0098e54\" data-element_type=\"widget\" data-e-type=\"widget\" data-widget_type=\"heading.default\">\n\t\t\t\t<div class=\"elementor-widget-container\">\n\t\t\t\t\t<h2 class=\"elementor-heading-title elementor-size-default\">High complexity situations, our expertise.<\/h2>\t\t\t\t<\/div>\n\t\t\t\t<\/div>\n\t\t\t\t<div class=\"elementor-element elementor-element-032d57d elementor-widget elementor-widget-heading\" data-id=\"032d57d\" data-element_type=\"widget\" data-e-type=\"widget\" data-widget_type=\"heading.default\">\n\t\t\t\t<div class=\"elementor-widget-container\">\n\t\t\t\t\t<p class=\"elementor-heading-title elementor-size-default\">MGC Capital has been operating for over 9 years serving companies of all sizes that are experiencing complex financial situations, resulting from the challenges presented by current economic scenarios.<\/p>\t\t\t\t<\/div>\n\t\t\t\t<\/div>\n\t\t\t\t<div class=\"elementor-element elementor-element-2bf9ec2 elementor-mobile-align-justify elementor-widget elementor-widget-button\" data-id=\"2bf9ec2\" data-element_type=\"widget\" data-e-type=\"widget\" data-widget_type=\"button.default\">\n\t\t\t\t<div class=\"elementor-widget-container\">\n\t\t\t\t\t\t\t\t\t<div class=\"elementor-button-wrapper\">\n\t\t\t\t\t<a class=\"elementor-button elementor-button-link elementor-size-sm\" href=\"https:\/\/www.mgccapital.com.br\/en\/what-we-do\/\">\n\t\t\t\t\t\t<span class=\"elementor-button-content-wrapper\">\n\t\t\t\t\t\t<span class=\"elementor-button-icon\">\n\t\t\t\t<i aria-hidden=\"true\" class=\"far fa-arrow-alt-circle-right\"><\/i>\t\t\t<\/span>\n\t\t\t\t\t\t\t\t\t<span class=\"elementor-button-text\">What We Do<\/span>\n\t\t\t\t\t<\/span>\n\t\t\t\t\t<\/a>\n\t\t\t\t<\/div>\n\t\t\t\t\t\t\t\t<\/div>\n\t\t\t\t<\/div>\n\t\t\t\t<\/div>\n\t\t\t\t\t<\/div>\n\t\t\t\t<\/div>\n\t\t<div class=\"elementor-element elementor-element-b51866f e-flex e-con-boxed e-con e-parent\" data-id=\"b51866f\" data-element_type=\"container\" data-e-type=\"container\" data-settings=\"{&quot;background_background&quot;:&quot;classic&quot;}\">\n\t\t\t\t\t<div class=\"e-con-inner\">\n\t\t\t\t<div class=\"elementor-element elementor-element-315656e elementor-invisible elementor-widget elementor-widget-heading\" data-id=\"315656e\" data-element_type=\"widget\" data-e-type=\"widget\" data-settings=\"{&quot;_animation&quot;:&quot;fadeInUp&quot;}\" data-widget_type=\"heading.default\">\n\t\t\t\t<div class=\"elementor-widget-container\">\n\t\t\t\t\t<h2 class=\"elementor-heading-title elementor-size-default\">High performance executive team, with 30 years of experience in the market<\/h2>\t\t\t\t<\/div>\n\t\t\t\t<\/div>\n\t\t\t\t<div class=\"elementor-element elementor-element-ef60757 elementor-invisible elementor-widget elementor-widget-heading\" data-id=\"ef60757\" data-element_type=\"widget\" data-e-type=\"widget\" data-settings=\"{&quot;_animation&quot;:&quot;fadeInUp&quot;,&quot;_animation_delay&quot;:500}\" data-widget_type=\"heading.default\">\n\t\t\t\t<div class=\"elementor-widget-container\">\n\t\t\t\t\t<p class=\"elementor-heading-title elementor-size-default\">With an experienced workforce, MGC Capital has for years been offering real and measurable results for companies to face different economic scenarios. We help build a better future!<\/p>\t\t\t\t<\/div>\n\t\t\t\t<\/div>\n\t\t\t\t<div class=\"elementor-element elementor-element-a2a466d elementor-align-center elementor-mobile-align-justify elementor-invisible elementor-widget elementor-widget-button\" data-id=\"a2a466d\" data-element_type=\"widget\" data-e-type=\"widget\" data-settings=\"{&quot;_animation&quot;:&quot;fadeIn&quot;,&quot;_animation_delay&quot;:1000}\" data-widget_type=\"button.default\">\n\t\t\t\t<div class=\"elementor-widget-container\">\n\t\t\t\t\t\t\t\t\t<div class=\"elementor-button-wrapper\">\n\t\t\t\t\t<a class=\"elementor-button elementor-button-link elementor-size-sm\" href=\"https:\/\/www.mgccapital.com.br\/en\/about\/\">\n\t\t\t\t\t\t<span class=\"elementor-button-content-wrapper\">\n\t\t\t\t\t\t<span class=\"elementor-button-icon\">\n\t\t\t\t<i aria-hidden=\"true\" class=\"far fa-arrow-alt-circle-right\"><\/i>\t\t\t<\/span>\n\t\t\t\t\t\t\t\t\t<span class=\"elementor-button-text\">About Us<\/span>\n\t\t\t\t\t<\/span>\n\t\t\t\t\t<\/a>\n\t\t\t\t<\/div>\n\t\t\t\t\t\t\t\t<\/div>\n\t\t\t\t<\/div>\n\t\t\t\t\t<\/div>\n\t\t\t\t<\/div>\n\t\t<div class=\"elementor-element elementor-element-e5c98fe e-flex e-con-boxed e-con e-parent\" data-id=\"e5c98fe\" data-element_type=\"container\" data-e-type=\"container\" data-settings=\"{&quot;background_background&quot;:&quot;classic&quot;}\">\n\t\t\t\t\t<div class=\"e-con-inner\">\n\t\t\t\t<div class=\"elementor-element elementor-element-b8d19bc elementor-invisible elementor-widget elementor-widget-heading\" data-id=\"b8d19bc\" data-element_type=\"widget\" data-e-type=\"widget\" data-settings=\"{&quot;_animation&quot;:&quot;fadeInUp&quot;}\" data-widget_type=\"heading.default\">\n\t\t\t\t<div class=\"elementor-widget-container\">\n\t\t\t\t\t<h2 class=\"elementor-heading-title elementor-size-default\">How can we help?<\/h2>\t\t\t\t<\/div>\n\t\t\t\t<\/div>\n\t\t\t\t<div class=\"elementor-element elementor-element-ade5f96 elementor-invisible elementor-widget elementor-widget-heading\" data-id=\"ade5f96\" data-element_type=\"widget\" data-e-type=\"widget\" data-settings=\"{&quot;_animation&quot;:&quot;fadeInUp&quot;,&quot;_animation_delay&quot;:500}\" data-widget_type=\"heading.default\">\n\t\t\t\t<div class=\"elementor-widget-container\">\n\t\t\t\t\t<span class=\"elementor-heading-title elementor-size-default\"><a href=\"https:\/\/www.mgccapital.com.br\/en\/contact\/\">Get in touch<\/a><\/span>\t\t\t\t<\/div>\n\t\t\t\t<\/div>\n\t\t\t\t\t<\/div>\n\t\t\t\t<\/div>\n\t\t\t\t<\/div>","protected":false},"excerpt":{"rendered":"<p>Solu\u00e7\u00f5es de impacto para a sa\u00fade financeira de empresas Explore mais Situa\u00e7\u00f5es de alta complexidade, nossa expertise. A MGC Capital atua h\u00e1 mais de 9 anos atendendo empresas de todos os portes que passam por situa\u00e7\u00f5es financeiras complexas, resultantes dos desafios apresentados pelos cen\u00e1rios econ\u00f4micos atuais. Nossos Servi\u00e7os Equipe executiva de alta performance, com experi\u00eancia [&hellip;]<\/p>","protected":false},"author":5,"featured_media":0,"parent":0,"menu_order":0,"comment_status":"closed","ping_status":"closed","template":"","meta":{"footnotes":""},"class_list":["post-12","page","type-page","status-publish","hentry"],"yoast_head":"<!-- This site is optimized with the Yoast SEO plugin v27.4 - https:\/\/yoast.com\/product\/yoast-seo-wordpress\/ -->\n<title>Home - MGC Capital<\/title>\n<meta name=\"description\" content=\"A MGC Capital atua h\u00e1 9 anos ajudando empresas a resolverem desafios financeiros em cen\u00e1rios econ\u00f4micos complexos.\" \/>\n<meta name=\"robots\" content=\"index, follow, max-snippet:-1, max-image-preview:large, max-video-preview:-1\" \/>\n<link rel=\"canonical\" href=\"https:\/\/www.mgccapital.com.br\/en\/\" \/>\n<meta property=\"og:locale\" content=\"en_US\" \/>\n<meta property=\"og:type\" content=\"article\" \/>\n<meta property=\"og:title\" content=\"Home - MGC Capital\" \/>\n<meta property=\"og:description\" content=\"A MGC Capital atua h\u00e1 9 anos ajudando empresas a resolverem desafios financeiros em cen\u00e1rios econ\u00f4micos complexos.\" \/>\n<meta property=\"og:url\" content=\"https:\/\/www.mgccapital.com.br\/en\/\" \/>\n<meta property=\"og:site_name\" content=\"MGC Capital\" \/>\n<meta property=\"article:modified_time\" content=\"2025-05-22T12:49:28+00:00\" \/>\n<meta name=\"twitter:card\" content=\"summary_large_image\" \/>\n<meta name=\"twitter:label1\" content=\"Est. reading time\" \/>\n\t<meta name=\"twitter:data1\" content=\"1 minute\" \/>\n<script type=\"application\/ld+json\" class=\"yoast-schema-graph\">{\"@context\":\"https:\\\/\\\/schema.org\",\"@graph\":[{\"@type\":\"WebPage\",\"@id\":\"https:\\\/\\\/www.mgccapital.com.br\\\/\",\"url\":\"https:\\\/\\\/www.mgccapital.com.br\\\/\",\"name\":\"Home - MGC Capital\",\"isPartOf\":{\"@id\":\"https:\\\/\\\/www.mgccapital.com.br\\\/#website\"},\"datePublished\":\"2022-11-23T18:14:35+00:00\",\"dateModified\":\"2025-05-22T12:49:28+00:00\",\"description\":\"A MGC Capital atua h\u00e1 9 anos ajudando empresas a resolverem desafios financeiros em cen\u00e1rios econ\u00f4micos complexos.\",\"breadcrumb\":{\"@id\":\"https:\\\/\\\/www.mgccapital.com.br\\\/#breadcrumb\"},\"inLanguage\":\"en-US\",\"potentialAction\":[{\"@type\":\"ReadAction\",\"target\":[\"https:\\\/\\\/www.mgccapital.com.br\\\/\"]}]},{\"@type\":\"BreadcrumbList\",\"@id\":\"https:\\\/\\\/www.mgccapital.com.br\\\/#breadcrumb\",\"itemListElement\":[{\"@type\":\"ListItem\",\"position\":1,\"name\":\"In\u00edcio\",\"item\":\"https:\\\/\\\/www.mgccapital.com.br\\\/\"},{\"@type\":\"ListItem\",\"position\":2,\"name\":\"Home\"}]},{\"@type\":\"WebSite\",\"@id\":\"https:\\\/\\\/www.mgccapital.com.br\\\/#website\",\"url\":\"https:\\\/\\\/www.mgccapital.com.br\\\/\",\"name\":\"MGC Capital\",\"description\":\"Reestrutura\u00e7\u00e3o Financeira para Empresas\",\"publisher\":{\"@id\":\"https:\\\/\\\/www.mgccapital.com.br\\\/#organization\"},\"potentialAction\":[{\"@type\":\"SearchAction\",\"target\":{\"@type\":\"EntryPoint\",\"urlTemplate\":\"https:\\\/\\\/www.mgccapital.com.br\\\/?s={search_term_string}\"},\"query-input\":{\"@type\":\"PropertyValueSpecification\",\"valueRequired\":true,\"valueName\":\"search_term_string\"}}],\"inLanguage\":\"en-US\"},{\"@type\":\"Organization\",\"@id\":\"https:\\\/\\\/www.mgccapital.com.br\\\/#organization\",\"name\":\"MGC Capital\",\"url\":\"https:\\\/\\\/www.mgccapital.com.br\\\/\",\"logo\":{\"@type\":\"ImageObject\",\"inLanguage\":\"en-US\",\"@id\":\"https:\\\/\\\/www.mgccapital.com.br\\\/#\\\/schema\\\/logo\\\/image\\\/\",\"url\":\"https:\\\/\\\/www.mgccapital.com.br\\\/wp-content\\\/uploads\\\/2022\\\/12\\\/cropped-mgc_capital_registrada_1_.jpg\",\"contentUrl\":\"https:\\\/\\\/www.mgccapital.com.br\\\/wp-content\\\/uploads\\\/2022\\\/12\\\/cropped-mgc_capital_registrada_1_.jpg\",\"width\":800,\"height\":229,\"caption\":\"MGC Capital\"},\"image\":{\"@id\":\"https:\\\/\\\/www.mgccapital.com.br\\\/#\\\/schema\\\/logo\\\/image\\\/\"}}]}<\/script>\n<!-- \/ Yoast SEO plugin. -->","yoast_head_json":{"title":"Home - MGC Capital","description":"A MGC Capital atua h\u00e1 9 anos ajudando empresas a resolverem desafios financeiros em cen\u00e1rios econ\u00f4micos complexos.","robots":{"index":"index","follow":"follow","max-snippet":"max-snippet:-1","max-image-preview":"max-image-preview:large","max-video-preview":"max-video-preview:-1"},"canonical":"https:\/\/www.mgccapital.com.br\/en\/","og_locale":"en_US","og_type":"article","og_title":"Home - MGC Capital","og_description":"A MGC Capital atua h\u00e1 9 anos ajudando empresas a resolverem desafios financeiros em cen\u00e1rios econ\u00f4micos complexos.","og_url":"https:\/\/www.mgccapital.com.br\/en\/","og_site_name":"MGC Capital","article_modified_time":"2025-05-22T12:49:28+00:00","twitter_card":"summary_large_image","twitter_misc":{"Est. reading time":"1 minute"},"schema":{"@context":"https:\/\/schema.org","@graph":[{"@type":"WebPage","@id":"https:\/\/www.mgccapital.com.br\/","url":"https:\/\/www.mgccapital.com.br\/","name":"Home - MGC Capital","isPartOf":{"@id":"https:\/\/www.mgccapital.com.br\/#website"},"datePublished":"2022-11-23T18:14:35+00:00","dateModified":"2025-05-22T12:49:28+00:00","description":"A MGC Capital atua h\u00e1 9 anos ajudando empresas a resolverem desafios financeiros em cen\u00e1rios econ\u00f4micos complexos.","breadcrumb":{"@id":"https:\/\/www.mgccapital.com.br\/#breadcrumb"},"inLanguage":"en-US","potentialAction":[{"@type":"ReadAction","target":["https:\/\/www.mgccapital.com.br\/"]}]},{"@type":"BreadcrumbList","@id":"https:\/\/www.mgccapital.com.br\/#breadcrumb","itemListElement":[{"@type":"ListItem","position":1,"name":"In\u00edcio","item":"https:\/\/www.mgccapital.com.br\/"},{"@type":"ListItem","position":2,"name":"Home"}]},{"@type":"WebSite","@id":"https:\/\/www.mgccapital.com.br\/#website","url":"https:\/\/www.mgccapital.com.br\/","name":"MGC Capital","description":"Reestrutura\u00e7\u00e3o Financeira para Empresas","publisher":{"@id":"https:\/\/www.mgccapital.com.br\/#organization"},"potentialAction":[{"@type":"SearchAction","target":{"@type":"EntryPoint","urlTemplate":"https:\/\/www.mgccapital.com.br\/?s={search_term_string}"},"query-input":{"@type":"PropertyValueSpecification","valueRequired":true,"valueName":"search_term_string"}}],"inLanguage":"en-US"},{"@type":"Organization","@id":"https:\/\/www.mgccapital.com.br\/#organization","name":"MGC Capital","url":"https:\/\/www.mgccapital.com.br\/","logo":{"@type":"ImageObject","inLanguage":"en-US","@id":"https:\/\/www.mgccapital.com.br\/#\/schema\/logo\/image\/","url":"https:\/\/www.mgccapital.com.br\/wp-content\/uploads\/2022\/12\/cropped-mgc_capital_registrada_1_.jpg","contentUrl":"https:\/\/www.mgccapital.com.br\/wp-content\/uploads\/2022\/12\/cropped-mgc_capital_registrada_1_.jpg","width":800,"height":229,"caption":"MGC Capital"},"image":{"@id":"https:\/\/www.mgccapital.com.br\/#\/schema\/logo\/image\/"}}]}},"_links":{"self":[{"href":"https:\/\/www.mgccapital.com.br\/en\/wp-json\/wp\/v2\/pages\/12","targetHints":{"allow":["GET"]}}],"collection":[{"href":"https:\/\/www.mgccapital.com.br\/en\/wp-json\/wp\/v2\/pages"}],"about":[{"href":"https:\/\/www.mgccapital.com.br\/en\/wp-json\/wp\/v2\/types\/page"}],"author":[{"embeddable":true,"href":"https:\/\/www.mgccapital.com.br\/en\/wp-json\/wp\/v2\/users\/5"}],"replies":[{"embeddable":true,"href":"https:\/\/www.mgccapital.com.br\/en\/wp-json\/wp\/v2\/comments?post=12"}],"version-history":[{"count":1,"href":"https:\/\/www.mgccapital.com.br\/en\/wp-json\/wp\/v2\/pages\/12\/revisions"}],"predecessor-version":[{"id":1480,"href":"https:\/\/www.mgccapital.com.br\/en\/wp-json\/wp\/v2\/pages\/12\/revisions\/1480"}],"wp:attachment":[{"href":"https:\/\/www.mgccapital.com.br\/en\/wp-json\/wp\/v2\/media?parent=12"}],"curies":[{"name":"wp","href":"https:\/\/api.w.org\/{rel}","templated":true}]}}