{"id":16,"date":"2022-11-23T15:14:57","date_gmt":"2022-11-23T18:14:57","guid":{"rendered":"https:\/\/app-site-mgccapital-prod.azurewebsites.net\/?page_id=16"},"modified":"2024-03-08T15:03:17","modified_gmt":"2024-03-08T18:03:17","slug":"nossos-servicos","status":"publish","type":"page","link":"https:\/\/www.mgccapital.com.br\/en\/what-we-do\/","title":{"rendered":"What We Do"},"content":{"rendered":"<div data-elementor-type=\"wp-page\" data-elementor-id=\"16\" class=\"elementor elementor-16\" data-elementor-post-type=\"page\">\n\t\t\t\t<div class=\"elementor-element elementor-element-a728eba e-con-full e-flex e-con e-parent\" data-id=\"a728eba\" data-element_type=\"container\" data-e-type=\"container\" data-settings=\"{&quot;background_background&quot;:&quot;classic&quot;}\">\n\t\t\t\t<\/div>\n\t\t<div class=\"elementor-element elementor-element-6645534 e-flex e-con-boxed e-con e-parent\" data-id=\"6645534\" data-element_type=\"container\" data-e-type=\"container\" data-settings=\"{&quot;background_background&quot;:&quot;classic&quot;}\">\n\t\t\t\t\t<div class=\"e-con-inner\">\n\t\t\t\t<div class=\"elementor-element elementor-element-4f48d88 elementor-invisible elementor-widget elementor-widget-heading\" data-id=\"4f48d88\" data-element_type=\"widget\" data-e-type=\"widget\" data-settings=\"{&quot;_animation&quot;:&quot;fadeInUp&quot;}\" data-widget_type=\"heading.default\">\n\t\t\t\t<div class=\"elementor-widget-container\">\n\t\t\t\t\t<h2 class=\"elementor-heading-title elementor-size-default\">Integrated, high-impact solutions.<\/h2>\t\t\t\t<\/div>\n\t\t\t\t<\/div>\n\t\t\t\t<div class=\"elementor-element elementor-element-1a98506 elementor-invisible elementor-widget elementor-widget-heading\" data-id=\"1a98506\" data-element_type=\"widget\" data-e-type=\"widget\" data-settings=\"{&quot;_animation&quot;:&quot;fadeInUp&quot;,&quot;_animation_delay&quot;:500}\" data-widget_type=\"heading.default\">\n\t\t\t\t<div class=\"elementor-widget-container\">\n\t\t\t\t\t<p class=\"elementor-heading-title elementor-size-default\">We have alternatives and services for companies in all sectors.<\/p>\t\t\t\t<\/div>\n\t\t\t\t<\/div>\n\t\t\t\t\t<\/div>\n\t\t\t\t<\/div>\n\t\t<div class=\"elementor-element elementor-element-59b7ad6 e-flex e-con-boxed e-con e-parent\" data-id=\"59b7ad6\" data-element_type=\"container\" data-e-type=\"container\" data-settings=\"{&quot;background_background&quot;:&quot;classic&quot;}\">\n\t\t\t\t\t<div class=\"e-con-inner\">\n\t\t<div class=\"elementor-element elementor-element-4ef56df e-con-full e-flex e-con e-child\" data-id=\"4ef56df\" data-element_type=\"container\" data-e-type=\"container\">\n\t\t<div class=\"elementor-element elementor-element-341513b e-con-full e-flex elementor-invisible e-con e-child\" data-id=\"341513b\" data-element_type=\"container\" data-e-type=\"container\" data-settings=\"{&quot;background_background&quot;:&quot;classic&quot;,&quot;animation&quot;:&quot;fadeInUp&quot;}\">\n\t\t\t\t<div class=\"elementor-element elementor-element-cb6b006 elementor-widget-divider--view-line elementor-widget elementor-widget-divider\" data-id=\"cb6b006\" data-element_type=\"widget\" data-e-type=\"widget\" data-widget_type=\"divider.default\">\n\t\t\t\t<div class=\"elementor-widget-container\">\n\t\t\t\t\t\t\t<div class=\"elementor-divider\">\n\t\t\t<span class=\"elementor-divider-separator\">\n\t\t\t\t\t\t<\/span>\n\t\t<\/div>\n\t\t\t\t\t\t<\/div>\n\t\t\t\t<\/div>\n\t\t\t\t<div class=\"elementor-element elementor-element-275a7f6 elementor-widget elementor-widget-heading\" data-id=\"275a7f6\" data-element_type=\"widget\" data-e-type=\"widget\" data-widget_type=\"heading.default\">\n\t\t\t\t<div class=\"elementor-widget-container\">\n\t\t\t\t\t<h5 class=\"elementor-heading-title elementor-size-default\">Non-performing loan operations<\/h5>\t\t\t\t<\/div>\n\t\t\t\t<\/div>\n\t\t\t\t<div class=\"elementor-element elementor-element-0206222 elementor-widget elementor-widget-text-editor\" data-id=\"0206222\" data-element_type=\"widget\" data-e-type=\"widget\" data-widget_type=\"text-editor.default\">\n\t\t\t\t<div class=\"elementor-widget-container\">\n\t\t\t\t\t\t\t\t\t<p class=\"translation-block\">Through FIDC \u2013 Credit Rights Investment Funds, we invest in the acquisition of portfolios of non-performing loans (NPL \u2013 non-performing loans) and non-performing assets in the corporate market (single names). We have extensive expertise in the process of returning invested credits.<\/p>\n<p>Our professionals are highly qualified to work in highly complex situations. Using its own methodologies, MGC Capital develops and implements integrated solutions, which combine the management of financial and legal processes to achieve the best performance in results.<\/p>\n<p>MGC Capital's solidity and reputation qualify it to take on the front of highly complex debt negotiations with companies and financial institutions.<\/p>\t\t\t\t\t\t\t\t<\/div>\n\t\t\t\t<\/div>\n\t\t\t\t<\/div>\n\t\t<div class=\"elementor-element elementor-element-e0e71e6 e-con-full e-flex elementor-invisible e-con e-child\" data-id=\"e0e71e6\" data-element_type=\"container\" data-e-type=\"container\" data-settings=\"{&quot;background_background&quot;:&quot;classic&quot;,&quot;animation&quot;:&quot;fadeInUp&quot;,&quot;animation_delay&quot;:500}\">\n\t\t\t\t<div class=\"elementor-element elementor-element-fd4daad elementor-widget-divider--view-line elementor-widget elementor-widget-divider\" data-id=\"fd4daad\" data-element_type=\"widget\" data-e-type=\"widget\" data-widget_type=\"divider.default\">\n\t\t\t\t<div class=\"elementor-widget-container\">\n\t\t\t\t\t\t\t<div class=\"elementor-divider\">\n\t\t\t<span class=\"elementor-divider-separator\">\n\t\t\t\t\t\t<\/span>\n\t\t<\/div>\n\t\t\t\t\t\t<\/div>\n\t\t\t\t<\/div>\n\t\t\t\t<div class=\"elementor-element elementor-element-3d33eb7 elementor-widget elementor-widget-heading\" data-id=\"3d33eb7\" data-element_type=\"widget\" data-e-type=\"widget\" data-widget_type=\"heading.default\">\n\t\t\t\t<div class=\"elementor-widget-container\">\n\t\t\t\t\t<h5 class=\"elementor-heading-title elementor-size-default\">Consultancy and assistance in turnaround and special situations<\/h5>\t\t\t\t<\/div>\n\t\t\t\t<\/div>\n\t\t\t\t<div class=\"elementor-element elementor-element-0099c4b elementor-widget elementor-widget-text-editor\" data-id=\"0099c4b\" data-element_type=\"widget\" data-e-type=\"widget\" data-widget_type=\"text-editor.default\">\n\t\t\t\t<div class=\"elementor-widget-container\">\n\t\t\t\t\t\t\t\t\t<p>We provide consultancy and advise companies in situations of financial crisis.<\/p><p>We are experts in creating and implementing specific solutions, capable of reestablishing the company's financial health and improving its operational development.<\/p><p>With a multidisciplinary and customized approach, we act according to the demands and needs of each company and the specificities of its segment, without attachment to standardized formulas.<\/p>\t\t\t\t\t\t\t\t<\/div>\n\t\t\t\t<\/div>\n\t\t\t\t<\/div>\n\t\t\t\t<\/div>\n\t\t<div class=\"elementor-element elementor-element-a5a0020 e-con-full e-flex e-con e-child\" data-id=\"a5a0020\" data-element_type=\"container\" data-e-type=\"container\">\n\t\t<div class=\"elementor-element elementor-element-4189026 e-con-full e-flex elementor-invisible e-con e-child\" data-id=\"4189026\" data-element_type=\"container\" data-e-type=\"container\" data-settings=\"{&quot;background_background&quot;:&quot;classic&quot;,&quot;animation&quot;:&quot;fadeInUp&quot;}\">\n\t\t\t\t<div class=\"elementor-element elementor-element-b6b7750 elementor-widget-divider--view-line elementor-widget elementor-widget-divider\" data-id=\"b6b7750\" data-element_type=\"widget\" data-e-type=\"widget\" data-widget_type=\"divider.default\">\n\t\t\t\t<div class=\"elementor-widget-container\">\n\t\t\t\t\t\t\t<div class=\"elementor-divider\">\n\t\t\t<span class=\"elementor-divider-separator\">\n\t\t\t\t\t\t<\/span>\n\t\t<\/div>\n\t\t\t\t\t\t<\/div>\n\t\t\t\t<\/div>\n\t\t\t\t<div class=\"elementor-element elementor-element-09c7933 elementor-widget elementor-widget-heading\" data-id=\"09c7933\" data-element_type=\"widget\" data-e-type=\"widget\" data-widget_type=\"heading.default\">\n\t\t\t\t<div class=\"elementor-widget-container\">\n\t\t\t\t\t<h5 class=\"elementor-heading-title elementor-size-default\">Consultancy and assistance in judicial recovery processes<\/h5>\t\t\t\t<\/div>\n\t\t\t\t<\/div>\n\t\t\t\t<div class=\"elementor-element elementor-element-6e904d3 elementor-widget elementor-widget-text-editor\" data-id=\"6e904d3\" data-element_type=\"widget\" data-e-type=\"widget\" data-widget_type=\"text-editor.default\">\n\t\t\t\t<div class=\"elementor-widget-container\">\n\t\t\t\t\t\t\t\t\t<p>We provide consultancy and advise companies in all phases of their judicial recovery process.<\/p><p>Our professionals have in-depth knowledge of the laws and peculiarities of the legal segment. Based on our own work methodology, we develop solutions capable of reestablishing the company's concept, value and performance in the market, generating positive economic and social impacts.<\/p>\t\t\t\t\t\t\t\t<\/div>\n\t\t\t\t<\/div>\n\t\t\t\t<\/div>\n\t\t<div class=\"elementor-element elementor-element-4f16d58 e-con-full e-flex elementor-invisible e-con e-child\" data-id=\"4f16d58\" data-element_type=\"container\" data-e-type=\"container\" data-settings=\"{&quot;background_background&quot;:&quot;classic&quot;,&quot;animation&quot;:&quot;fadeInUp&quot;,&quot;animation_delay&quot;:500}\">\n\t\t\t\t<div class=\"elementor-element elementor-element-dab6f3b elementor-widget-divider--view-line elementor-widget elementor-widget-divider\" data-id=\"dab6f3b\" data-element_type=\"widget\" data-e-type=\"widget\" data-widget_type=\"divider.default\">\n\t\t\t\t<div class=\"elementor-widget-container\">\n\t\t\t\t\t\t\t<div class=\"elementor-divider\">\n\t\t\t<span class=\"elementor-divider-separator\">\n\t\t\t\t\t\t<\/span>\n\t\t<\/div>\n\t\t\t\t\t\t<\/div>\n\t\t\t\t<\/div>\n\t\t\t\t<div class=\"elementor-element elementor-element-9fbca96 elementor-widget elementor-widget-heading\" data-id=\"9fbca96\" data-element_type=\"widget\" data-e-type=\"widget\" data-widget_type=\"heading.default\">\n\t\t\t\t<div class=\"elementor-widget-container\">\n\t\t\t\t\t<h5 class=\"elementor-heading-title elementor-size-default\">Consultancy and assistance for private funds<\/h5>\t\t\t\t<\/div>\n\t\t\t\t<\/div>\n\t\t\t\t<div class=\"elementor-element elementor-element-b0cef25 elementor-widget elementor-widget-text-editor\" data-id=\"b0cef25\" data-element_type=\"widget\" data-e-type=\"widget\" data-widget_type=\"text-editor.default\">\n\t\t\t\t<div class=\"elementor-widget-container\">\n\t\t\t\t\t\t\t\t\t<p>We provide consultancy and advise private credit rights funds (FIDC) that seek to improve the receiving performance of their portfolios.<\/p><p class=\"translation-block\">We are experts in creating and implementing assertive methodologies for charging and recovering <em>distressed<\/em> <em>assets<\/em>.<\/p><p class=\"translation-block\">Through our master servicer, we offer FIDCs the operationalization of the credit recovery process, ensuring that all stages are executed with excellence from start to finish, to achieve the measured results.<\/p>\t\t\t\t\t\t\t\t<\/div>\n\t\t\t\t<\/div>\n\t\t\t\t<\/div>\n\t\t\t\t<\/div>\n\t\t\t\t\t<\/div>\n\t\t\t\t<\/div>\n\t\t<div class=\"elementor-element elementor-element-293f33b e-flex e-con-boxed e-con e-parent\" data-id=\"293f33b\" data-element_type=\"container\" data-e-type=\"container\" data-settings=\"{&quot;background_background&quot;:&quot;classic&quot;}\">\n\t\t\t\t\t<div class=\"e-con-inner\">\n\t\t\t\t<div class=\"elementor-element elementor-element-1856dca elementor-widget elementor-widget-heading\" data-id=\"1856dca\" data-element_type=\"widget\" data-e-type=\"widget\" data-widget_type=\"heading.default\">\n\t\t\t\t<div class=\"elementor-widget-container\">\n\t\t\t\t\t<h2 class=\"elementor-heading-title elementor-size-default\">Follow us<\/h2>\t\t\t\t<\/div>\n\t\t\t\t<\/div>\n\t\t\t\t<div class=\"elementor-element elementor-element-6be8c70 elementor-shape-square e-grid-align-right elementor-widget-mobile__width-auto elementor-grid-0 elementor-widget elementor-widget-social-icons\" data-id=\"6be8c70\" data-element_type=\"widget\" data-e-type=\"widget\" data-widget_type=\"social-icons.default\">\n\t\t\t\t<div class=\"elementor-widget-container\">\n\t\t\t\t\t\t\t<div class=\"elementor-social-icons-wrapper elementor-grid\">\n\t\t\t\t\t\t\t<span class=\"elementor-grid-item\">\n\t\t\t\t\t<a class=\"elementor-icon elementor-social-icon elementor-social-icon-linkedin elementor-repeater-item-3883b6a\" href=\"https:\/\/www.linkedin.com\/company\/mgc-capital-consultoria\/\" target=\"_blank\">\n\t\t\t\t\t\t<span class=\"elementor-screen-only\">Linkedin<\/span>\n\t\t\t\t\t\t<i aria-hidden=\"true\" class=\"fab fa-linkedin\"><\/i>\t\t\t\t\t<\/a>\n\t\t\t\t<\/span>\n\t\t\t\t\t<\/div>\n\t\t\t\t\t\t<\/div>\n\t\t\t\t<\/div>\n\t\t\t\t\t<\/div>\n\t\t\t\t<\/div>\n\t\t\t\t<\/div>","protected":false},"excerpt":{"rendered":"<p>Solu\u00e7\u00f5es integradas, de alto impacto. Dispomos de alternativas e servi\u00e7os destinados \u00e0s empresas de todos os setores. Opera\u00e7\u00f5es de cr\u00e9ditos n\u00e3o performados Por meio de FIDC \u2013 Fundos de Investimentos em Direitos Credit\u00f3rios, investimos na aquisi\u00e7\u00e3o de portfolios de cr\u00e9ditos n\u00e3o performados (NPL \u2013 non-performing loan) e de ativos inadimplentes do mercado corporativo (single names). [&hellip;]<\/p>","protected":false},"author":5,"featured_media":0,"parent":0,"menu_order":0,"comment_status":"closed","ping_status":"closed","template":"","meta":{"footnotes":""},"class_list":["post-16","page","type-page","status-publish","hentry"],"yoast_head":"<!-- This site is optimized with the Yoast SEO plugin v27.4 - https:\/\/yoast.com\/product\/yoast-seo-wordpress\/ -->\n<title>Nossos Servi\u00e7os - MGC Capital<\/title>\n<meta name=\"robots\" content=\"index, follow, max-snippet:-1, max-image-preview:large, max-video-preview:-1\" \/>\n<link rel=\"canonical\" href=\"https:\/\/www.mgccapital.com.br\/en\/what-we-do\/\" \/>\n<meta property=\"og:locale\" content=\"en_US\" \/>\n<meta property=\"og:type\" content=\"article\" \/>\n<meta property=\"og:title\" content=\"Nossos Servi\u00e7os - MGC Capital\" \/>\n<meta property=\"og:description\" content=\"Solu\u00e7\u00f5es integradas, de alto impacto. Dispomos de alternativas e servi\u00e7os destinados \u00e0s empresas de todos os setores. Opera\u00e7\u00f5es de cr\u00e9ditos n\u00e3o performados Por meio de FIDC \u2013 Fundos de Investimentos em Direitos Credit\u00f3rios, investimos na aquisi\u00e7\u00e3o de portfolios de cr\u00e9ditos n\u00e3o performados (NPL \u2013 non-performing loan) e de ativos inadimplentes do mercado corporativo (single names). [&hellip;]\" \/>\n<meta property=\"og:url\" content=\"https:\/\/www.mgccapital.com.br\/en\/what-we-do\/\" \/>\n<meta property=\"og:site_name\" content=\"MGC Capital\" \/>\n<meta property=\"article:modified_time\" content=\"2024-03-08T18:03:17+00:00\" \/>\n<meta name=\"twitter:card\" content=\"summary_large_image\" \/>\n<meta name=\"twitter:label1\" content=\"Est. reading time\" \/>\n\t<meta name=\"twitter:data1\" content=\"2 minutes\" \/>\n<script type=\"application\/ld+json\" class=\"yoast-schema-graph\">{\"@context\":\"https:\\\/\\\/schema.org\",\"@graph\":[{\"@type\":\"WebPage\",\"@id\":\"https:\\\/\\\/www.mgccapital.com.br\\\/nossos-servicos\\\/\",\"url\":\"https:\\\/\\\/www.mgccapital.com.br\\\/nossos-servicos\\\/\",\"name\":\"Nossos Servi\u00e7os - MGC Capital\",\"isPartOf\":{\"@id\":\"https:\\\/\\\/www.mgccapital.com.br\\\/#website\"},\"datePublished\":\"2022-11-23T18:14:57+00:00\",\"dateModified\":\"2024-03-08T18:03:17+00:00\",\"breadcrumb\":{\"@id\":\"https:\\\/\\\/www.mgccapital.com.br\\\/nossos-servicos\\\/#breadcrumb\"},\"inLanguage\":\"en-US\",\"potentialAction\":[{\"@type\":\"ReadAction\",\"target\":[\"https:\\\/\\\/www.mgccapital.com.br\\\/nossos-servicos\\\/\"]}]},{\"@type\":\"BreadcrumbList\",\"@id\":\"https:\\\/\\\/www.mgccapital.com.br\\\/nossos-servicos\\\/#breadcrumb\",\"itemListElement\":[{\"@type\":\"ListItem\",\"position\":1,\"name\":\"In\u00edcio\",\"item\":\"https:\\\/\\\/www.mgccapital.com.br\\\/\"},{\"@type\":\"ListItem\",\"position\":2,\"name\":\"Nossos Servi\u00e7os\"}]},{\"@type\":\"WebSite\",\"@id\":\"https:\\\/\\\/www.mgccapital.com.br\\\/#website\",\"url\":\"https:\\\/\\\/www.mgccapital.com.br\\\/\",\"name\":\"MGC Capital\",\"description\":\"Reestrutura\u00e7\u00e3o Financeira para Empresas\",\"publisher\":{\"@id\":\"https:\\\/\\\/www.mgccapital.com.br\\\/#organization\"},\"potentialAction\":[{\"@type\":\"SearchAction\",\"target\":{\"@type\":\"EntryPoint\",\"urlTemplate\":\"https:\\\/\\\/www.mgccapital.com.br\\\/?s={search_term_string}\"},\"query-input\":{\"@type\":\"PropertyValueSpecification\",\"valueRequired\":true,\"valueName\":\"search_term_string\"}}],\"inLanguage\":\"en-US\"},{\"@type\":\"Organization\",\"@id\":\"https:\\\/\\\/www.mgccapital.com.br\\\/#organization\",\"name\":\"MGC Capital\",\"url\":\"https:\\\/\\\/www.mgccapital.com.br\\\/\",\"logo\":{\"@type\":\"ImageObject\",\"inLanguage\":\"en-US\",\"@id\":\"https:\\\/\\\/www.mgccapital.com.br\\\/#\\\/schema\\\/logo\\\/image\\\/\",\"url\":\"https:\\\/\\\/www.mgccapital.com.br\\\/wp-content\\\/uploads\\\/2022\\\/11\\\/logo.png\",\"contentUrl\":\"https:\\\/\\\/www.mgccapital.com.br\\\/wp-content\\\/uploads\\\/2022\\\/11\\\/logo.png\",\"width\":2560,\"height\":686,\"caption\":\"MGC Capital\"},\"image\":{\"@id\":\"https:\\\/\\\/www.mgccapital.com.br\\\/#\\\/schema\\\/logo\\\/image\\\/\"}}]}<\/script>\n<!-- \/ Yoast SEO plugin. -->","yoast_head_json":{"title":"Nossos Servi\u00e7os - MGC Capital","robots":{"index":"index","follow":"follow","max-snippet":"max-snippet:-1","max-image-preview":"max-image-preview:large","max-video-preview":"max-video-preview:-1"},"canonical":"https:\/\/www.mgccapital.com.br\/en\/what-we-do\/","og_locale":"en_US","og_type":"article","og_title":"Nossos Servi\u00e7os - MGC Capital","og_description":"Solu\u00e7\u00f5es integradas, de alto impacto. Dispomos de alternativas e servi\u00e7os destinados \u00e0s empresas de todos os setores. Opera\u00e7\u00f5es de cr\u00e9ditos n\u00e3o performados Por meio de FIDC \u2013 Fundos de Investimentos em Direitos Credit\u00f3rios, investimos na aquisi\u00e7\u00e3o de portfolios de cr\u00e9ditos n\u00e3o performados (NPL \u2013 non-performing loan) e de ativos inadimplentes do mercado corporativo (single names). [&hellip;]","og_url":"https:\/\/www.mgccapital.com.br\/en\/what-we-do\/","og_site_name":"MGC Capital","article_modified_time":"2024-03-08T18:03:17+00:00","twitter_card":"summary_large_image","twitter_misc":{"Est. reading time":"2 minutes"},"schema":{"@context":"https:\/\/schema.org","@graph":[{"@type":"WebPage","@id":"https:\/\/www.mgccapital.com.br\/nossos-servicos\/","url":"https:\/\/www.mgccapital.com.br\/nossos-servicos\/","name":"Nossos Servi\u00e7os - MGC Capital","isPartOf":{"@id":"https:\/\/www.mgccapital.com.br\/#website"},"datePublished":"2022-11-23T18:14:57+00:00","dateModified":"2024-03-08T18:03:17+00:00","breadcrumb":{"@id":"https:\/\/www.mgccapital.com.br\/nossos-servicos\/#breadcrumb"},"inLanguage":"en-US","potentialAction":[{"@type":"ReadAction","target":["https:\/\/www.mgccapital.com.br\/nossos-servicos\/"]}]},{"@type":"BreadcrumbList","@id":"https:\/\/www.mgccapital.com.br\/nossos-servicos\/#breadcrumb","itemListElement":[{"@type":"ListItem","position":1,"name":"In\u00edcio","item":"https:\/\/www.mgccapital.com.br\/"},{"@type":"ListItem","position":2,"name":"Nossos Servi\u00e7os"}]},{"@type":"WebSite","@id":"https:\/\/www.mgccapital.com.br\/#website","url":"https:\/\/www.mgccapital.com.br\/","name":"MGC Capital","description":"Reestrutura\u00e7\u00e3o Financeira para Empresas","publisher":{"@id":"https:\/\/www.mgccapital.com.br\/#organization"},"potentialAction":[{"@type":"SearchAction","target":{"@type":"EntryPoint","urlTemplate":"https:\/\/www.mgccapital.com.br\/?s={search_term_string}"},"query-input":{"@type":"PropertyValueSpecification","valueRequired":true,"valueName":"search_term_string"}}],"inLanguage":"en-US"},{"@type":"Organization","@id":"https:\/\/www.mgccapital.com.br\/#organization","name":"MGC Capital","url":"https:\/\/www.mgccapital.com.br\/","logo":{"@type":"ImageObject","inLanguage":"en-US","@id":"https:\/\/www.mgccapital.com.br\/#\/schema\/logo\/image\/","url":"https:\/\/www.mgccapital.com.br\/wp-content\/uploads\/2022\/11\/logo.png","contentUrl":"https:\/\/www.mgccapital.com.br\/wp-content\/uploads\/2022\/11\/logo.png","width":2560,"height":686,"caption":"MGC Capital"},"image":{"@id":"https:\/\/www.mgccapital.com.br\/#\/schema\/logo\/image\/"}}]}},"_links":{"self":[{"href":"https:\/\/www.mgccapital.com.br\/en\/wp-json\/wp\/v2\/pages\/16","targetHints":{"allow":["GET"]}}],"collection":[{"href":"https:\/\/www.mgccapital.com.br\/en\/wp-json\/wp\/v2\/pages"}],"about":[{"href":"https:\/\/www.mgccapital.com.br\/en\/wp-json\/wp\/v2\/types\/page"}],"author":[{"embeddable":true,"href":"https:\/\/www.mgccapital.com.br\/en\/wp-json\/wp\/v2\/users\/5"}],"replies":[{"embeddable":true,"href":"https:\/\/www.mgccapital.com.br\/en\/wp-json\/wp\/v2\/comments?post=16"}],"version-history":[{"count":0,"href":"https:\/\/www.mgccapital.com.br\/en\/wp-json\/wp\/v2\/pages\/16\/revisions"}],"wp:attachment":[{"href":"https:\/\/www.mgccapital.com.br\/en\/wp-json\/wp\/v2\/media?parent=16"}],"curies":[{"name":"wp","href":"https:\/\/api.w.org\/{rel}","templated":true}]}}